{"id":3755,"date":"2025-03-05T14:56:25","date_gmt":"2025-03-05T14:56:25","guid":{"rendered":"https:\/\/endemico.com.mx\/?page_id=3755"},"modified":"2025-03-05T15:09:07","modified_gmt":"2025-03-05T15:09:07","slug":"tribu","status":"publish","type":"page","link":"https:\/\/endemico.com.mx\/en\/proyectos\/tribu\/","title":{"rendered":"Tribu"},"content":{"rendered":"<div data-elementor-type=\"wp-page\" data-elementor-id=\"3755\" class=\"elementor elementor-3755\" data-elementor-settings=\"{&quot;ha_cmc_init_switcher&quot;:&quot;no&quot;}\" data-elementor-post-type=\"page\">\n\t\t\t\t<div class=\"elementor-element elementor-element-5dfeee3 e-flex e-con-boxed qodef-elementor-content-no e-con e-parent\" data-id=\"5dfeee3\" data-element_type=\"container\" data-settings=\"{&quot;_ha_eqh_enable&quot;:false}\">\n\t\t\t\t\t<div class=\"e-con-inner\">\n\t\t<div class=\"elementor-element elementor-element-7b75db1 e-con-full e-flex qodef-elementor-content-no e-con e-child\" data-id=\"7b75db1\" data-element_type=\"container\" data-settings=\"{&quot;_ha_eqh_enable&quot;:false}\">\n\t\t\t\t<div class=\"elementor-element elementor-element-ec48279 elementor-widget__width-inherit elementor-widget elementor-widget-text-editor\" data-id=\"ec48279\" data-element_type=\"widget\" data-widget_type=\"text-editor.default\">\n\t\t\t\t<div class=\"elementor-widget-container\">\n\t\t\t\t\t\t\t\t\t<p>20 units<\/p><p>Tulum, m\u00e9xico<\/p><p>Status: Completed<\/p>\t\t\t\t\t\t\t\t<\/div>\n\t\t\t\t<\/div>\n\t\t\t\t<div class=\"elementor-element elementor-element-f28066c elementor-widget-tablet__width-initial elementor-widget-mobile__width-inherit elementor-widget elementor-widget-qi_addons_for_elementor_section_title\" data-id=\"f28066c\" data-element_type=\"widget\" data-widget_type=\"qi_addons_for_elementor_section_title.default\">\n\t\t\t\t<div class=\"elementor-widget-container\">\n\t\t\t\t\t<div class=\"qodef-shortcode qodef-m qodef-qi-section-title qodef-decoration--italic qodef-link--underline-draw qodef-subtitle-icon--left\">\n\t\t\t\t\t\t<h2 class=\"qodef-m-title\">\n\t\tTribu\t<\/h2>\n\t\t\t<\/div>\n\t\t\t\t<\/div>\n\t\t\t\t<\/div>\n\t\t\t\t<div class=\"elementor-element elementor-element-bf4d134 elementor-widget-tablet__width-inherit elementor-widget-mobile__width-inherit elementor-widget elementor-widget-text-editor\" data-id=\"bf4d134\" data-element_type=\"widget\" data-widget_type=\"text-editor.default\">\n\t\t\t\t<div class=\"elementor-widget-container\">\n\t\t\t\t\t\t\t\t\t<p class=\"font_8 wixui-rich-text__text\">It is a project specially designed for our team, which is where its name comes from.<\/p><p class=\"font_8 wixui-rich-text__text\">Located in a central area of Tulum, this project consists of 16 studios, 4 two-bedroom apartments, and one of the largest rooftops in the area, featuring a pool and sunset views.<\/p>\t\t\t\t\t\t\t\t<\/div>\n\t\t\t\t<\/div>\n\t\t<div class=\"elementor-element elementor-element-a98bedc e-con-full e-flex qodef-elementor-content-no e-con e-child\" data-id=\"a98bedc\" data-element_type=\"container\" data-settings=\"{&quot;_ha_eqh_enable&quot;:false}\">\n\t\t<div class=\"elementor-element elementor-element-9e811b1 e-con-full e-flex qodef-elementor-content-no e-con e-child\" data-id=\"9e811b1\" data-element_type=\"container\" data-settings=\"{&quot;_ha_eqh_enable&quot;:false}\">\n\t\t\t\t<div class=\"elementor-element elementor-element-4c2800f elementor-icon-list--layout-traditional elementor-list-item-link-full_width elementor-widget elementor-widget-icon-list\" data-id=\"4c2800f\" data-element_type=\"widget\" data-widget_type=\"icon-list.default\">\n\t\t\t\t<div class=\"elementor-widget-container\">\n\t\t\t\t\t\t\t<ul class=\"elementor-icon-list-items\">\n\t\t\t\t\t\t\t<li class=\"elementor-icon-list-item\">\n\t\t\t\t\t\t\t\t\t\t\t<span class=\"elementor-icon-list-icon\">\n\t\t\t\t\t\t\t<svg aria-hidden=\"true\" class=\"e-font-icon-svg e-fas-bed\" viewbox=\"0 0 640 512\" xmlns=\"http:\/\/www.w3.org\/2000\/svg\"><path d=\"M176 256c44.11 0 80-35.89 80-80s-35.89-80-80-80-80 35.89-80 80 35.89 80 80 80zm352-128H304c-8.84 0-16 7.16-16 16v144H64V80c0-8.84-7.16-16-16-16H16C7.16 64 0 71.16 0 80v352c0 8.84 7.16 16 16 16h32c8.84 0 16-7.16 16-16v-48h512v48c0 8.84 7.16 16 16 16h32c8.84 0 16-7.16 16-16V240c0-61.86-50.14-112-112-112z\"><\/path><\/svg>\t\t\t\t\t\t<\/span>\n\t\t\t\t\t\t\t\t\t\t<span class=\"elementor-icon-list-text\">Bedrooms: 2<\/span>\n\t\t\t\t\t\t\t\t\t<\/li>\n\t\t\t\t\t\t\t\t<li class=\"elementor-icon-list-item\">\n\t\t\t\t\t\t\t\t\t\t\t<span class=\"elementor-icon-list-icon\">\n\t\t\t\t\t\t\t<svg aria-hidden=\"true\" class=\"e-font-icon-svg e-fas-toilet\" viewbox=\"0 0 384 512\" xmlns=\"http:\/\/www.w3.org\/2000\/svg\"><path d=\"M368 48c8.8 0 16-7.2 16-16V16c0-8.8-7.2-16-16-16H16C7.2 0 0 7.2 0 16v16c0 8.8 7.2 16 16 16h16v156.7C11.8 214.8 0 226.9 0 240c0 67.2 34.6 126.2 86.8 160.5l-21.4 70.2C59.1 491.2 74.5 512 96 512h192c21.5 0 36.9-20.8 30.6-41.3l-21.4-70.2C349.4 366.2 384 307.2 384 240c0-13.1-11.8-25.2-32-35.3V48h16zM80 72c0-4.4 3.6-8 8-8h48c4.4 0 8 3.6 8 8v16c0 4.4-3.6 8-8 8H88c-4.4 0-8-3.6-8-8V72zm112 200c-77.1 0-139.6-14.3-139.6-32s62.5-32 139.6-32 139.6 14.3 139.6 32-62.5 32-139.6 32z\"><\/path><\/svg>\t\t\t\t\t\t<\/span>\n\t\t\t\t\t\t\t\t\t\t<span class=\"elementor-icon-list-text\">Bathrooms: 1 <\/span>\n\t\t\t\t\t\t\t\t\t<\/li>\n\t\t\t\t\t\t\t\t<li class=\"elementor-icon-list-item\">\n\t\t\t\t\t\t\t\t\t\t\t<span class=\"elementor-icon-list-icon\">\n\t\t\t\t\t\t\t<svg aria-hidden=\"true\" class=\"e-font-icon-svg e-fas-map-marker-alt\" viewbox=\"0 0 384 512\" xmlns=\"http:\/\/www.w3.org\/2000\/svg\"><path d=\"M172.268 501.67C26.97 291.031 0 269.413 0 192 0 85.961 85.961 0 192 0s192 85.961 192 192c0 77.413-26.97 99.031-172.268 309.67-9.535 13.774-29.93 13.773-39.464 0zM192 272c44.183 0 80-35.817 80-80s-35.817-80-80-80-80 35.817-80 80 35.817 80 80 80z\"><\/path><\/svg>\t\t\t\t\t\t<\/span>\n\t\t\t\t\t\t\t\t\t\t<span class=\"elementor-icon-list-text\">Location: Tulum<\/span>\n\t\t\t\t\t\t\t\t\t<\/li>\n\t\t\t\t\t\t<\/ul>\n\t\t\t\t\t\t<\/div>\n\t\t\t\t<\/div>\n\t\t\t\t<\/div>\n\t\t<div class=\"elementor-element elementor-element-6311d71 e-con-full e-flex qodef-elementor-content-no e-con e-child\" data-id=\"6311d71\" data-element_type=\"container\" data-settings=\"{&quot;_ha_eqh_enable&quot;:false}\">\n\t\t\t\t<div class=\"elementor-element elementor-element-ed24e0d elementor-icon-list--layout-traditional elementor-list-item-link-full_width elementor-widget elementor-widget-icon-list\" data-id=\"ed24e0d\" data-element_type=\"widget\" data-widget_type=\"icon-list.default\">\n\t\t\t\t<div class=\"elementor-widget-container\">\n\t\t\t\t\t\t\t<ul class=\"elementor-icon-list-items\">\n\t\t\t\t\t\t\t<li class=\"elementor-icon-list-item\">\n\t\t\t\t\t\t\t\t\t\t\t<span class=\"elementor-icon-list-icon\">\n\t\t\t\t\t\t\t<svg aria-hidden=\"true\" class=\"e-font-icon-svg e-fas-swimming-pool\" viewbox=\"0 0 640 512\" xmlns=\"http:\/\/www.w3.org\/2000\/svg\"><path d=\"M624 416h-16c-26.04 0-45.8-8.42-56.09-17.9-8.9-8.21-19.66-14.1-31.77-14.1h-16.3c-12.11 0-22.87 5.89-31.77 14.1C461.8 407.58 442.04 416 416 416s-45.8-8.42-56.09-17.9c-8.9-8.21-19.66-14.1-31.77-14.1h-16.3c-12.11 0-22.87 5.89-31.77 14.1C269.8 407.58 250.04 416 224 416s-45.8-8.42-56.09-17.9c-8.9-8.21-19.66-14.1-31.77-14.1h-16.3c-12.11 0-22.87 5.89-31.77 14.1C77.8 407.58 58.04 416 32 416H16c-8.84 0-16 7.16-16 16v32c0 8.84 7.16 16 16 16h16c38.62 0 72.72-12.19 96-31.84 23.28 19.66 57.38 31.84 96 31.84s72.72-12.19 96-31.84c23.28 19.66 57.38 31.84 96 31.84s72.72-12.19 96-31.84c23.28 19.66 57.38 31.84 96 31.84h16c8.84 0 16-7.16 16-16v-32c0-8.84-7.16-16-16-16zm-400-32v-96h192v96c19.12 0 30.86-6.16 34.39-9.42 9.17-8.46 19.2-14.34 29.61-18.07V128c0-17.64 14.36-32 32-32s32 14.36 32 32v16c0 8.84 7.16 16 16 16h32c8.84 0 16-7.16 16-16v-16c0-52.94-43.06-96-96-96s-96 43.06-96 96v96H224v-96c0-17.64 14.36-32 32-32s32 14.36 32 32v16c0 8.84 7.16 16 16 16h32c8.84 0 16-7.16 16-16v-16c0-52.94-43.06-96-96-96s-96 43.06-96 96v228.5c10.41 3.73 20.44 9.62 29.61 18.07 3.53 3.27 15.27 9.43 34.39 9.43z\"><\/path><\/svg>\t\t\t\t\t\t<\/span>\n\t\t\t\t\t\t\t\t\t\t<span class=\"elementor-icon-list-text\">Infinity pool<\/span>\n\t\t\t\t\t\t\t\t\t<\/li>\n\t\t\t\t\t\t\t\t<li class=\"elementor-icon-list-item\">\n\t\t\t\t\t\t\t\t\t\t\t<span class=\"elementor-icon-list-icon\">\n\t\t\t\t\t\t\t<svg aria-hidden=\"true\" class=\"e-font-icon-svg e-fas-umbrella-beach\" viewbox=\"0 0 640 512\" xmlns=\"http:\/\/www.w3.org\/2000\/svg\"><path d=\"M115.38 136.9l102.11 37.18c35.19-81.54 86.21-144.29 139-173.7-95.88-4.89-188.78 36.96-248.53 111.8-6.69 8.4-2.66 21.05 7.42 24.72zm132.25 48.16l238.48 86.83c35.76-121.38 18.7-231.66-42.63-253.98-7.4-2.7-15.13-4-23.09-4-58.02.01-128.27 69.17-172.76 171.15zM521.48 60.5c6.22 16.3 10.83 34.6 13.2 55.19 5.74 49.89-1.42 108.23-18.95 166.98l102.62 37.36c10.09 3.67 21.31-3.43 21.57-14.17 2.32-95.69-41.91-187.44-118.44-245.36zM560 447.98H321.06L386 269.5l-60.14-21.9-72.9 200.37H16c-8.84 0-16 7.16-16 16.01v32.01C0 504.83 7.16 512 16 512h544c8.84 0 16-7.17 16-16.01v-32.01c0-8.84-7.16-16-16-16z\"><\/path><\/svg>\t\t\t\t\t\t<\/span>\n\t\t\t\t\t\t\t\t\t\t<span class=\"elementor-icon-list-text\">Sunset rooftop<\/span>\n\t\t\t\t\t\t\t\t\t<\/li>\n\t\t\t\t\t\t\t\t<li class=\"elementor-icon-list-item\">\n\t\t\t\t\t\t\t\t\t\t\t<span class=\"elementor-icon-list-icon\">\n\t\t\t\t\t\t\t<svg aria-hidden=\"true\" class=\"e-font-icon-svg e-fas-shield-alt\" viewbox=\"0 0 512 512\" xmlns=\"http:\/\/www.w3.org\/2000\/svg\"><path d=\"M466.5 83.7l-192-80a48.15 48.15 0 0 0-36.9 0l-192 80C27.7 91.1 16 108.6 16 128c0 198.5 114.5 335.7 221.5 380.3 11.8 4.9 25.1 4.9 36.9 0C360.1 472.6 496 349.3 496 128c0-19.4-11.7-36.9-29.5-44.3zM256.1 446.3l-.1-381 175.9 73.3c-3.3 151.4-82.1 261.1-175.8 307.7z\"><\/path><\/svg>\t\t\t\t\t\t<\/span>\n\t\t\t\t\t\t\t\t\t\t<span class=\"elementor-icon-list-text\">Security cameras<\/span>\n\t\t\t\t\t\t\t\t\t<\/li>\n\t\t\t\t\t\t<\/ul>\n\t\t\t\t\t\t<\/div>\n\t\t\t\t<\/div>\n\t\t\t\t<\/div>\n\t\t\t\t<\/div>\n\t\t\t\t<\/div>\n\t\t<div class=\"elementor-element elementor-element-11e2d21 e-con-full e-flex qodef-elementor-content-no e-con e-child\" data-id=\"11e2d21\" data-element_type=\"container\" data-settings=\"{&quot;_ha_eqh_enable&quot;:false}\">\n\t\t\t\t<div class=\"elementor-element elementor-element-8e74c21 elementor-widget elementor-widget-image\" data-id=\"8e74c21\" data-element_type=\"widget\" data-widget_type=\"image.default\">\n\t\t\t\t<div class=\"elementor-widget-container\">\n\t\t\t\t\t\t\t\t\t\t\t\t\t\t\t<img fetchpriority=\"high\" decoding=\"async\" width=\"796\" height=\"1024\" src=\"https:\/\/endemico.com.mx\/wp-content\/uploads\/2025\/03\/endemico-tribu-796x1024.jpg\" class=\"attachment-large size-large wp-image-3764\" alt=\"\" srcset=\"https:\/\/endemico.com.mx\/wp-content\/uploads\/2025\/03\/endemico-tribu-796x1024.jpg 796w, https:\/\/endemico.com.mx\/wp-content\/uploads\/2025\/03\/endemico-tribu-233x300.jpg 233w, https:\/\/endemico.com.mx\/wp-content\/uploads\/2025\/03\/endemico-tribu-768x988.jpg 768w, https:\/\/endemico.com.mx\/wp-content\/uploads\/2025\/03\/endemico-tribu-9x12.jpg 9w, https:\/\/endemico.com.mx\/wp-content\/uploads\/2025\/03\/endemico-tribu.jpg 800w\" sizes=\"(max-width: 796px) 100vw, 796px\" \/>\t\t\t\t\t\t\t\t\t\t\t\t\t\t\t<\/div>\n\t\t\t\t<\/div>\n\t\t\t\t<\/div>\n\t\t\t\t\t<\/div>\n\t\t\t\t<\/div>\n\t\t<div class=\"elementor-element elementor-element-ba44e21 e-con-full e-flex qodef-elementor-content-no e-con e-parent\" data-id=\"ba44e21\" data-element_type=\"container\" data-settings=\"{&quot;_ha_eqh_enable&quot;:false}\">\n\t\t\t\t<div class=\"elementor-element elementor-element-a8e32f1 elementor-widget elementor-widget-google_maps\" data-id=\"a8e32f1\" data-element_type=\"widget\" data-widget_type=\"google_maps.default\">\n\t\t\t\t<div class=\"elementor-widget-container\">\n\t\t\t\t\t\t\t<div class=\"elementor-custom-embed\">\n\t\t\t<iframe loading=\"lazy\"\n\t\t\t\t\tsrc=\"https:\/\/maps.google.com\/maps?q=tribu%20by%20endemico&#038;t=m&#038;z=15&#038;output=embed&#038;iwloc=near\"\n\t\t\t\t\ttitle=\"tribu by endemico\"\n\t\t\t\t\taria-label=\"tribu by endemico\"\n\t\t\t><\/iframe>\n\t\t<\/div>\n\t\t\t\t\t\t<\/div>\n\t\t\t\t<\/div>\n\t\t\t\t<\/div>\n\t\t\t\t<\/div>","protected":false},"excerpt":{"rendered":"<p>20 unidades Tulum, m\u00e9xico Estatus: Terminado Tribu Es un proyecto pensado y dise\u00f1ado especialmente para nuestro equipo de trabajo, de ah\u00ed viene su nombre. Ubicado en una zona c\u00e9ntrica de Tulum, este proyecto est\u00e1 constituido por 16 estudios, 4 departamentos de 2 rec\u00e1maras y uno de los rooftops m\u00e1s grandes de la zona, con alberca [&hellip;]<\/p>","protected":false},"author":1,"featured_media":0,"parent":2872,"menu_order":0,"comment_status":"closed","ping_status":"closed","template":"elementor_header_footer","meta":{"footnotes":""},"class_list":["post-3755","page","type-page","status-publish","hentry"],"yoast_head":"<!-- This site is optimized with the Yoast SEO plugin v26.8 - https:\/\/yoast.com\/product\/yoast-seo-wordpress\/ -->\n<title>Tribu - Endemico<\/title>\n<meta name=\"robots\" content=\"index, follow, max-snippet:-1, max-image-preview:large, max-video-preview:-1\" \/>\n<link rel=\"canonical\" href=\"https:\/\/endemico.com.mx\/en\/proyectos\/tribu\/\" \/>\n<meta property=\"og:locale\" content=\"en_US\" \/>\n<meta property=\"og:type\" content=\"article\" \/>\n<meta property=\"og:title\" content=\"Tribu - Endemico\" \/>\n<meta property=\"og:description\" content=\"20 unidades Tulum, m\u00e9xico Estatus: Terminado Tribu Es un proyecto pensado y dise\u00f1ado especialmente para nuestro equipo de trabajo, de ah\u00ed viene su nombre. Ubicado en una zona c\u00e9ntrica de Tulum, este proyecto est\u00e1 constituido por 16 estudios, 4 departamentos de 2 rec\u00e1maras y uno de los rooftops m\u00e1s grandes de la zona, con alberca [&hellip;]\" \/>\n<meta property=\"og:url\" content=\"https:\/\/endemico.com.mx\/en\/proyectos\/tribu\/\" \/>\n<meta property=\"og:site_name\" content=\"Endemico\" \/>\n<meta property=\"article:modified_time\" content=\"2025-03-05T15:09:07+00:00\" \/>\n<meta property=\"og:image\" content=\"https:\/\/endemico.com.mx\/wp-content\/uploads\/2025\/03\/endemico-tribu.jpg\" \/>\n\t<meta property=\"og:image:width\" content=\"800\" \/>\n\t<meta property=\"og:image:height\" content=\"1029\" \/>\n\t<meta property=\"og:image:type\" content=\"image\/jpeg\" \/>\n<meta name=\"twitter:card\" content=\"summary_large_image\" \/>\n<script type=\"application\/ld+json\" class=\"yoast-schema-graph\">{\"@context\":\"https:\/\/schema.org\",\"@graph\":[{\"@type\":\"WebPage\",\"@id\":\"https:\/\/endemico.com.mx\/proyectos\/tribu\/\",\"url\":\"https:\/\/endemico.com.mx\/proyectos\/tribu\/\",\"name\":\"Tribu - Endemico\",\"isPartOf\":{\"@id\":\"https:\/\/endemico.com.mx\/#website\"},\"primaryImageOfPage\":{\"@id\":\"https:\/\/endemico.com.mx\/proyectos\/tribu\/#primaryimage\"},\"image\":{\"@id\":\"https:\/\/endemico.com.mx\/proyectos\/tribu\/#primaryimage\"},\"thumbnailUrl\":\"https:\/\/endemico.com.mx\/wp-content\/uploads\/2025\/03\/endemico-tribu-796x1024.jpg\",\"datePublished\":\"2025-03-05T14:56:25+00:00\",\"dateModified\":\"2025-03-05T15:09:07+00:00\",\"breadcrumb\":{\"@id\":\"https:\/\/endemico.com.mx\/proyectos\/tribu\/#breadcrumb\"},\"inLanguage\":\"en-US\",\"potentialAction\":[{\"@type\":\"ReadAction\",\"target\":[\"https:\/\/endemico.com.mx\/proyectos\/tribu\/\"]}]},{\"@type\":\"ImageObject\",\"inLanguage\":\"en-US\",\"@id\":\"https:\/\/endemico.com.mx\/proyectos\/tribu\/#primaryimage\",\"url\":\"https:\/\/endemico.com.mx\/wp-content\/uploads\/2025\/03\/endemico-tribu-796x1024.jpg\",\"contentUrl\":\"https:\/\/endemico.com.mx\/wp-content\/uploads\/2025\/03\/endemico-tribu-796x1024.jpg\"},{\"@type\":\"BreadcrumbList\",\"@id\":\"https:\/\/endemico.com.mx\/proyectos\/tribu\/#breadcrumb\",\"itemListElement\":[{\"@type\":\"ListItem\",\"position\":1,\"name\":\"Portada\",\"item\":\"https:\/\/endemico.com.mx\/\"},{\"@type\":\"ListItem\",\"position\":2,\"name\":\"Proyectos\",\"item\":\"https:\/\/endemico.com.mx\/proyectos\/\"},{\"@type\":\"ListItem\",\"position\":3,\"name\":\"Tribu\"}]},{\"@type\":\"WebSite\",\"@id\":\"https:\/\/endemico.com.mx\/#website\",\"url\":\"https:\/\/endemico.com.mx\/\",\"name\":\"Endemico\",\"description\":\"\",\"publisher\":{\"@id\":\"https:\/\/endemico.com.mx\/#organization\"},\"potentialAction\":[{\"@type\":\"SearchAction\",\"target\":{\"@type\":\"EntryPoint\",\"urlTemplate\":\"https:\/\/endemico.com.mx\/?s={search_term_string}\"},\"query-input\":{\"@type\":\"PropertyValueSpecification\",\"valueRequired\":true,\"valueName\":\"search_term_string\"}}],\"inLanguage\":\"en-US\"},{\"@type\":\"Organization\",\"@id\":\"https:\/\/endemico.com.mx\/#organization\",\"name\":\"Endemico\",\"url\":\"https:\/\/endemico.com.mx\/\",\"logo\":{\"@type\":\"ImageObject\",\"inLanguage\":\"en-US\",\"@id\":\"https:\/\/endemico.com.mx\/#\/schema\/logo\/image\/\",\"url\":\"https:\/\/endemico.com.mx\/wp-content\/uploads\/2024\/07\/endemico-eco-chic-living-white.png\",\"contentUrl\":\"https:\/\/endemico.com.mx\/wp-content\/uploads\/2024\/07\/endemico-eco-chic-living-white.png\",\"width\":2501,\"height\":951,\"caption\":\"Endemico\"},\"image\":{\"@id\":\"https:\/\/endemico.com.mx\/#\/schema\/logo\/image\/\"}}]}<\/script>\n<!-- \/ Yoast SEO plugin. -->","yoast_head_json":{"title":"Tribu - Endemico","robots":{"index":"index","follow":"follow","max-snippet":"max-snippet:-1","max-image-preview":"max-image-preview:large","max-video-preview":"max-video-preview:-1"},"canonical":"https:\/\/endemico.com.mx\/en\/proyectos\/tribu\/","og_locale":"en_US","og_type":"article","og_title":"Tribu - Endemico","og_description":"20 unidades Tulum, m\u00e9xico Estatus: Terminado Tribu Es un proyecto pensado y dise\u00f1ado especialmente para nuestro equipo de trabajo, de ah\u00ed viene su nombre. Ubicado en una zona c\u00e9ntrica de Tulum, este proyecto est\u00e1 constituido por 16 estudios, 4 departamentos de 2 rec\u00e1maras y uno de los rooftops m\u00e1s grandes de la zona, con alberca [&hellip;]","og_url":"https:\/\/endemico.com.mx\/en\/proyectos\/tribu\/","og_site_name":"Endemico","article_modified_time":"2025-03-05T15:09:07+00:00","og_image":[{"width":800,"height":1029,"url":"https:\/\/endemico.com.mx\/wp-content\/uploads\/2025\/03\/endemico-tribu.jpg","type":"image\/jpeg"}],"twitter_card":"summary_large_image","schema":{"@context":"https:\/\/schema.org","@graph":[{"@type":"WebPage","@id":"https:\/\/endemico.com.mx\/proyectos\/tribu\/","url":"https:\/\/endemico.com.mx\/proyectos\/tribu\/","name":"Tribu - Endemico","isPartOf":{"@id":"https:\/\/endemico.com.mx\/#website"},"primaryImageOfPage":{"@id":"https:\/\/endemico.com.mx\/proyectos\/tribu\/#primaryimage"},"image":{"@id":"https:\/\/endemico.com.mx\/proyectos\/tribu\/#primaryimage"},"thumbnailUrl":"https:\/\/endemico.com.mx\/wp-content\/uploads\/2025\/03\/endemico-tribu-796x1024.jpg","datePublished":"2025-03-05T14:56:25+00:00","dateModified":"2025-03-05T15:09:07+00:00","breadcrumb":{"@id":"https:\/\/endemico.com.mx\/proyectos\/tribu\/#breadcrumb"},"inLanguage":"en-US","potentialAction":[{"@type":"ReadAction","target":["https:\/\/endemico.com.mx\/proyectos\/tribu\/"]}]},{"@type":"ImageObject","inLanguage":"en-US","@id":"https:\/\/endemico.com.mx\/proyectos\/tribu\/#primaryimage","url":"https:\/\/endemico.com.mx\/wp-content\/uploads\/2025\/03\/endemico-tribu-796x1024.jpg","contentUrl":"https:\/\/endemico.com.mx\/wp-content\/uploads\/2025\/03\/endemico-tribu-796x1024.jpg"},{"@type":"BreadcrumbList","@id":"https:\/\/endemico.com.mx\/proyectos\/tribu\/#breadcrumb","itemListElement":[{"@type":"ListItem","position":1,"name":"Portada","item":"https:\/\/endemico.com.mx\/"},{"@type":"ListItem","position":2,"name":"Proyectos","item":"https:\/\/endemico.com.mx\/proyectos\/"},{"@type":"ListItem","position":3,"name":"Tribu"}]},{"@type":"WebSite","@id":"https:\/\/endemico.com.mx\/#website","url":"https:\/\/endemico.com.mx\/","name":"Endemico","description":"","publisher":{"@id":"https:\/\/endemico.com.mx\/#organization"},"potentialAction":[{"@type":"SearchAction","target":{"@type":"EntryPoint","urlTemplate":"https:\/\/endemico.com.mx\/?s={search_term_string}"},"query-input":{"@type":"PropertyValueSpecification","valueRequired":true,"valueName":"search_term_string"}}],"inLanguage":"en-US"},{"@type":"Organization","@id":"https:\/\/endemico.com.mx\/#organization","name":"Endemico","url":"https:\/\/endemico.com.mx\/","logo":{"@type":"ImageObject","inLanguage":"en-US","@id":"https:\/\/endemico.com.mx\/#\/schema\/logo\/image\/","url":"https:\/\/endemico.com.mx\/wp-content\/uploads\/2024\/07\/endemico-eco-chic-living-white.png","contentUrl":"https:\/\/endemico.com.mx\/wp-content\/uploads\/2024\/07\/endemico-eco-chic-living-white.png","width":2501,"height":951,"caption":"Endemico"},"image":{"@id":"https:\/\/endemico.com.mx\/#\/schema\/logo\/image\/"}}]}},"_links":{"self":[{"href":"https:\/\/endemico.com.mx\/en\/wp-json\/wp\/v2\/pages\/3755","targetHints":{"allow":["GET"]}}],"collection":[{"href":"https:\/\/endemico.com.mx\/en\/wp-json\/wp\/v2\/pages"}],"about":[{"href":"https:\/\/endemico.com.mx\/en\/wp-json\/wp\/v2\/types\/page"}],"author":[{"embeddable":true,"href":"https:\/\/endemico.com.mx\/en\/wp-json\/wp\/v2\/users\/1"}],"replies":[{"embeddable":true,"href":"https:\/\/endemico.com.mx\/en\/wp-json\/wp\/v2\/comments?post=3755"}],"version-history":[{"count":0,"href":"https:\/\/endemico.com.mx\/en\/wp-json\/wp\/v2\/pages\/3755\/revisions"}],"up":[{"embeddable":true,"href":"https:\/\/endemico.com.mx\/en\/wp-json\/wp\/v2\/pages\/2872"}],"wp:attachment":[{"href":"https:\/\/endemico.com.mx\/en\/wp-json\/wp\/v2\/media?parent=3755"}],"curies":[{"name":"wp","href":"https:\/\/api.w.org\/{rel}","templated":true}]}}