{"id":3903,"date":"2025-11-26T14:15:37","date_gmt":"2025-11-26T14:15:37","guid":{"rendered":"https:\/\/endemico.com.mx\/?page_id=3903"},"modified":"2026-01-06T21:56:25","modified_gmt":"2026-01-06T21:56:25","slug":"firma-dro-tulum","status":"publish","type":"page","link":"https:\/\/endemico.com.mx\/en\/firma-dro-tulum\/","title":{"rendered":"Firma DRO Tulum"},"content":{"rendered":"<div data-elementor-type=\"wp-page\" data-elementor-id=\"3903\" class=\"elementor elementor-3903\" data-elementor-settings=\"{&quot;ha_cmc_init_switcher&quot;:&quot;no&quot;}\" data-elementor-post-type=\"page\">\n\t\t\t\t<div class=\"elementor-element elementor-element-f2cfc5c e-con-full e-flex qodef-elementor-content-no e-con e-parent\" data-id=\"f2cfc5c\" data-element_type=\"container\" data-settings=\"{&quot;background_background&quot;:&quot;classic&quot;,&quot;_ha_eqh_enable&quot;:false}\">\n\t\t<div class=\"elementor-element elementor-element-04f9056 e-con-full e-flex qodef-elementor-content-no e-con e-child\" data-id=\"04f9056\" data-element_type=\"container\" data-settings=\"{&quot;_ha_eqh_enable&quot;:false}\">\n\t\t\t\t<div class=\"elementor-element elementor-element-791edac animated-slow elementor-widget-mobile__width-inherit elementor-widget__width-initial elementor-invisible elementor-widget elementor-widget-heading\" data-id=\"791edac\" data-element_type=\"widget\" data-settings=\"{&quot;_animation&quot;:&quot;fadeIn&quot;,&quot;_animation_delay&quot;:200}\" data-widget_type=\"heading.default\">\n\t\t\t\t<div class=\"elementor-widget-container\">\n\t\t\t\t\t<h2 class=\"elementor-heading-title elementor-size-default\"> \u00bfRequieres el servicio de un DRO en Tulum?<\/h2>\t\t\t\t<\/div>\n\t\t\t\t<\/div>\n\t\t\t\t<\/div>\n\t\t<div class=\"elementor-element elementor-element-a32f74a e-con-full e-flex qodef-elementor-content-no e-con e-child\" data-id=\"a32f74a\" data-element_type=\"container\" data-settings=\"{&quot;background_background&quot;:&quot;classic&quot;,&quot;_ha_eqh_enable&quot;:false}\">\n\t\t\t\t<div class=\"elementor-element elementor-element-997add3 elementor-widget__width-initial elementor-widget elementor-widget-text-editor\" data-id=\"997add3\" data-element_type=\"widget\" data-widget_type=\"text-editor.default\">\n\t\t\t\t<div class=\"elementor-widget-container\">\n\t\t\t\t\t\t\t\t\t<p data-start=\"287\" data-end=\"685\">Un <strong data-start=\"290\" data-end=\"326\">Perito Responsable de Obra (PRO)<\/strong> o <strong data-start=\"329\" data-end=\"367\">Director Responsable de Obra (DRO)<\/strong> es el profesional encargado de supervisar, vigilar y garantizar que una construcci\u00f3n cumpla con la normativa t\u00e9cnica establecida por las autoridades.<br data-start=\"517\" data-end=\"520\" \/>En <strong data-start=\"523\" data-end=\"532\">Tulum<\/strong>, es indispensable contar con un PRO <strong data-start=\"569\" data-end=\"608\">debidamente registrado y habilitado<\/strong> ante el Municipio para realizar cualquier tr\u00e1mite o proceso de construcci\u00f3n.<\/p>\t\t\t\t\t\t\t\t<\/div>\n\t\t\t\t<\/div>\n\t\t\t\t<\/div>\n\t\t\t\t<\/div>\n\t\t<div class=\"elementor-element elementor-element-32030d91 e-flex e-con-boxed qodef-elementor-content-no e-con e-parent\" data-id=\"32030d91\" data-element_type=\"container\" data-settings=\"{&quot;_ha_eqh_enable&quot;:false}\">\n\t\t\t\t\t<div class=\"e-con-inner\">\n\t\t\t\t<div class=\"elementor-element elementor-element-4270800 animated-slow elementor-invisible elementor-widget elementor-widget-heading\" data-id=\"4270800\" data-element_type=\"widget\" data-settings=\"{&quot;_animation&quot;:&quot;fadeIn&quot;,&quot;_animation_delay&quot;:200}\" data-widget_type=\"heading.default\">\n\t\t\t\t<div class=\"elementor-widget-container\">\n\t\t\t\t\t<h2 class=\"elementor-heading-title elementor-size-default\">\u00bfQu\u00e9 hace un PRO?<\/h2>\t\t\t\t<\/div>\n\t\t\t\t<\/div>\n\t\t<div class=\"elementor-element elementor-element-7980953c e-con-full e-flex qodef-elementor-content-no e-con e-child\" data-id=\"7980953c\" data-element_type=\"container\" data-settings=\"{&quot;_ha_eqh_enable&quot;:false}\">\n\t\t<div class=\"elementor-element elementor-element-6085d3b3 animated-slow e-con-full e-flex qodef-elementor-content-no elementor-invisible e-con e-child\" data-id=\"6085d3b3\" data-element_type=\"container\" data-settings=\"{&quot;animation&quot;:&quot;fadeInUp&quot;,&quot;animation_delay&quot;:150,&quot;_ha_eqh_enable&quot;:false}\">\n\t\t\t\t<div class=\"elementor-element elementor-element-29ea6270 elementor-vertical-align-top elementor-widget elementor-widget-image-box\" data-id=\"29ea6270\" data-element_type=\"widget\" data-widget_type=\"image-box.default\">\n\t\t\t\t<div class=\"elementor-widget-container\">\n\t\t\t\t\t<div class=\"elementor-image-box-wrapper\"><div class=\"elementor-image-box-content\"><h3 class=\"elementor-image-box-title\">Supervisi\u00f3n T\u00e9cnica<\/h3><\/div><\/div>\t\t\t\t<\/div>\n\t\t\t\t<\/div>\n\t\t\t\t<div class=\"elementor-element elementor-element-428c5e04 elementor-widget elementor-widget-text-editor\" data-id=\"428c5e04\" data-element_type=\"widget\" data-widget_type=\"text-editor.default\">\n\t\t\t\t<div class=\"elementor-widget-container\">\n\t\t\t\t\t\t\t\t\t<p data-start=\"926\" data-end=\"977\">Verifica que la construcci\u00f3n se realice conforme a:<\/p><ul data-start=\"978\" data-end=\"1101\"><li data-start=\"978\" data-end=\"1005\"><p data-start=\"980\" data-end=\"1005\">Los planos autorizados.<\/p><\/li><li data-start=\"1006\" data-end=\"1042\"><p data-start=\"1008\" data-end=\"1042\">El uso de suelo correspondiente.<\/p><\/li><li data-start=\"1043\" data-end=\"1101\"><p data-start=\"1045\" data-end=\"1101\">La licencia de construcci\u00f3n emitida por el Ayuntamiento.<\/p><\/li><\/ul>\t\t\t\t\t\t\t\t<\/div>\n\t\t\t\t<\/div>\n\t\t\t\t<\/div>\n\t\t<div class=\"elementor-element elementor-element-ed86c16 animated-slow e-con-full e-flex qodef-elementor-content-no elementor-invisible e-con e-child\" data-id=\"ed86c16\" data-element_type=\"container\" data-settings=\"{&quot;animation&quot;:&quot;fadeInUp&quot;,&quot;animation_delay&quot;:150,&quot;_ha_eqh_enable&quot;:false}\">\n\t\t\t\t<div class=\"elementor-element elementor-element-5c9b2bc elementor-vertical-align-top elementor-widget elementor-widget-image-box\" data-id=\"5c9b2bc\" data-element_type=\"widget\" data-widget_type=\"image-box.default\">\n\t\t\t\t<div class=\"elementor-widget-container\">\n\t\t\t\t\t<div class=\"elementor-image-box-wrapper\"><div class=\"elementor-image-box-content\"><h3 class=\"elementor-image-box-title\">Firma y Responsabilidad Legal<\/h3><\/div><\/div>\t\t\t\t<\/div>\n\t\t\t\t<\/div>\n\t\t\t\t<div class=\"elementor-element elementor-element-9abe105 elementor-widget elementor-widget-text-editor\" data-id=\"9abe105\" data-element_type=\"widget\" data-widget_type=\"text-editor.default\">\n\t\t\t\t<div class=\"elementor-widget-container\">\n\t\t\t\t\t\t\t\t\t<p data-start=\"1144\" data-end=\"1219\">Para solicitar permisos de construcci\u00f3n, se requiere la firma de un PRO en:<\/p><ul data-start=\"1220\" data-end=\"1253\"><li data-start=\"1220\" data-end=\"1231\"><p data-start=\"1222\" data-end=\"1231\">Planos.<\/p><\/li><li data-start=\"1232\" data-end=\"1253\"><p data-start=\"1234\" data-end=\"1253\">Bit\u00e1cora de obra.<\/p><\/li><\/ul><p data-start=\"1255\" data-end=\"1333\">Esto garantiza que el proyecto cuenta con supervisi\u00f3n profesional certificada.<\/p>\t\t\t\t\t\t\t\t<\/div>\n\t\t\t\t<\/div>\n\t\t\t\t<\/div>\n\t\t<div class=\"elementor-element elementor-element-b5a0414 animated-slow e-con-full e-flex qodef-elementor-content-no elementor-invisible e-con e-child\" data-id=\"b5a0414\" data-element_type=\"container\" data-settings=\"{&quot;animation&quot;:&quot;fadeInUp&quot;,&quot;animation_delay&quot;:150,&quot;_ha_eqh_enable&quot;:false}\">\n\t\t\t\t<div class=\"elementor-element elementor-element-b4a6bd1 elementor-vertical-align-top elementor-widget elementor-widget-image-box\" data-id=\"b4a6bd1\" data-element_type=\"widget\" data-widget_type=\"image-box.default\">\n\t\t\t\t<div class=\"elementor-widget-container\">\n\t\t\t\t\t<div class=\"elementor-image-box-wrapper\"><div class=\"elementor-image-box-content\"><h3 class=\"elementor-image-box-title\">Cumplimiento Normativo<\/h3><\/div><\/div>\t\t\t\t<\/div>\n\t\t\t\t<\/div>\n\t\t\t\t<div class=\"elementor-element elementor-element-85c92d0 elementor-widget elementor-widget-text-editor\" data-id=\"85c92d0\" data-element_type=\"widget\" data-widget_type=\"text-editor.default\">\n\t\t\t\t<div class=\"elementor-widget-container\">\n\t\t\t\t\t\t\t\t\t<p data-start=\"985\" data-end=\"1014\">Garantiza el cumplimiento de:<\/p><ul data-start=\"1015\" data-end=\"1119\"><li data-start=\"1015\" data-end=\"1054\"><p data-start=\"1017\" data-end=\"1054\">Reglamento de Construcci\u00f3n de Tulum<\/p><\/li><li data-start=\"1055\" data-end=\"1087\"><p data-start=\"1057\" data-end=\"1087\">Reglamento de Medio Ambiente<\/p><\/li><li data-start=\"1088\" data-end=\"1119\"><p data-start=\"1090\" data-end=\"1119\">Normas y lineamientos locales<\/p><\/li><\/ul>\t\t\t\t\t\t\t\t<\/div>\n\t\t\t\t<\/div>\n\t\t\t\t<\/div>\n\t\t<div class=\"elementor-element elementor-element-ad6a739 animated-slow e-con-full e-flex qodef-elementor-content-no elementor-invisible e-con e-child\" data-id=\"ad6a739\" data-element_type=\"container\" data-settings=\"{&quot;animation&quot;:&quot;fadeInUp&quot;,&quot;animation_delay&quot;:150,&quot;_ha_eqh_enable&quot;:false}\">\n\t\t\t\t<div class=\"elementor-element elementor-element-455f481 elementor-vertical-align-top elementor-widget elementor-widget-image-box\" data-id=\"455f481\" data-element_type=\"widget\" data-widget_type=\"image-box.default\">\n\t\t\t\t<div class=\"elementor-widget-container\">\n\t\t\t\t\t<div class=\"elementor-image-box-wrapper\"><div class=\"elementor-image-box-content\"><h3 class=\"elementor-image-box-title\">Gesti\u00f3n y Tr\u00e1mites<\/h3><\/div><\/div>\t\t\t\t<\/div>\n\t\t\t\t<\/div>\n\t\t\t\t<div class=\"elementor-element elementor-element-5acdf56 elementor-widget elementor-widget-text-editor\" data-id=\"5acdf56\" data-element_type=\"widget\" data-widget_type=\"text-editor.default\">\n\t\t\t\t<div class=\"elementor-widget-container\">\n\t\t\t\t\t\t\t\t\t<ul><li data-start=\"1154\" data-end=\"1183\"><p data-start=\"1156\" data-end=\"1183\">Licencias de construcci\u00f3n<\/p><\/li><li data-start=\"1184\" data-end=\"1210\"><p data-start=\"1186\" data-end=\"1210\">Regularizaci\u00f3n de obra<\/p><\/li><li data-start=\"1211\" data-end=\"1244\"><p data-start=\"1213\" data-end=\"1244\">Ampliaciones y modificaciones<\/p><\/li><li data-start=\"1245\" data-end=\"1275\"><p data-start=\"1247\" data-end=\"1275\">Constancias de terminaci\u00f3n<\/p><\/li><li data-start=\"1276\" data-end=\"1315\"><p data-start=\"1278\" data-end=\"1315\">Dict\u00e1menes t\u00e9cnicos para demolici\u00f3n<\/p><\/li><li data-start=\"1316\" data-end=\"1354\"><p data-start=\"1318\" data-end=\"1354\">Asesor\u00eda de requisitos municipales<\/p><\/li><\/ul>\t\t\t\t\t\t\t\t<\/div>\n\t\t\t\t<\/div>\n\t\t\t\t<\/div>\n\t\t\t\t<\/div>\n\t\t\t\t\t<\/div>\n\t\t\t\t<\/div>\n\t\t<div class=\"elementor-element elementor-element-329ea68c e-con-full e-flex qodef-elementor-content-no e-con e-parent\" data-id=\"329ea68c\" data-element_type=\"container\" data-settings=\"{&quot;_ha_eqh_enable&quot;:false}\">\n\t\t<div class=\"elementor-element elementor-element-57ed3255 e-flex e-con-boxed qodef-elementor-content-no e-con e-child\" data-id=\"57ed3255\" data-element_type=\"container\" data-settings=\"{&quot;_ha_eqh_enable&quot;:false}\">\n\t\t\t\t\t<div class=\"e-con-inner\">\n\t\t\t\t<div class=\"elementor-element elementor-element-4014e6e animated-slow elementor-invisible elementor-widget elementor-widget-heading\" data-id=\"4014e6e\" data-element_type=\"widget\" data-settings=\"{&quot;_animation&quot;:&quot;fadeIn&quot;,&quot;_animation_delay&quot;:200}\" data-widget_type=\"heading.default\">\n\t\t\t\t<div class=\"elementor-widget-container\">\n\t\t\t\t\t<h2 class=\"elementor-heading-title elementor-size-default\">\u00bfCu\u00e1ndo es necesario contratar un PRO?<\/h2>\t\t\t\t<\/div>\n\t\t\t\t<\/div>\n\t\t\t\t\t<\/div>\n\t\t\t\t<\/div>\n\t\t<div class=\"elementor-element elementor-element-3417d158 e-con-full e-flex qodef-elementor-content-no e-con e-child\" data-id=\"3417d158\" data-element_type=\"container\" data-settings=\"{&quot;_ha_eqh_enable&quot;:false}\">\n\t\t<div class=\"elementor-element elementor-element-7bac2f04 animated-slow e-con-full e-flex qodef-elementor-content-no elementor-invisible e-con e-child\" data-id=\"7bac2f04\" data-element_type=\"container\" data-settings=\"{&quot;background_background&quot;:&quot;classic&quot;,&quot;animation&quot;:&quot;fadeInLeft&quot;,&quot;animation_delay&quot;:600,&quot;_ha_eqh_enable&quot;:false}\">\n\t\t\t\t<\/div>\n\t\t<div class=\"elementor-element elementor-element-5dd4c4d4 e-con-full e-flex qodef-elementor-content-no e-con e-child\" data-id=\"5dd4c4d4\" data-element_type=\"container\" data-settings=\"{&quot;_ha_eqh_enable&quot;:false}\">\n\t\t\t\t<div class=\"elementor-element elementor-element-1f25339c elementor-widget elementor-widget-text-editor\" data-id=\"1f25339c\" data-element_type=\"widget\" data-widget_type=\"text-editor.default\">\n\t\t\t\t<div class=\"elementor-widget-container\">\n\t\t\t\t\t\t\t\t\t<p>Debes contar con un PRO en los siguientes casos:<\/p>\t\t\t\t\t\t\t\t<\/div>\n\t\t\t\t<\/div>\n\t\t\t\t<div class=\"elementor-element elementor-element-2f23a75b elementor-widget__width-inherit elementor-widget-mobile__width-inherit elementor-icon-list--layout-traditional elementor-list-item-link-full_width elementor-widget elementor-widget-icon-list\" data-id=\"2f23a75b\" data-element_type=\"widget\" data-widget_type=\"icon-list.default\">\n\t\t\t\t<div class=\"elementor-widget-container\">\n\t\t\t\t\t\t\t<ul class=\"elementor-icon-list-items\">\n\t\t\t\t\t\t\t<li class=\"elementor-icon-list-item\">\n\t\t\t\t\t\t\t\t\t\t\t<span class=\"elementor-icon-list-icon\">\n\t\t\t\t\t\t\t<i aria-hidden=\"true\" class=\"hm hm-angle-right\"><\/i>\t\t\t\t\t\t<\/span>\n\t\t\t\t\t\t\t\t\t\t<span class=\"elementor-icon-list-text\">Solicitud de licencia de construcci\u00f3n o permiso de demolici\u00f3n.<\/span>\n\t\t\t\t\t\t\t\t\t<\/li>\n\t\t\t\t\t\t\t\t<li class=\"elementor-icon-list-item\">\n\t\t\t\t\t\t\t\t\t\t\t<span class=\"elementor-icon-list-icon\">\n\t\t\t\t\t\t\t<i aria-hidden=\"true\" class=\"hm hm-angle-right\"><\/i>\t\t\t\t\t\t<\/span>\n\t\t\t\t\t\t\t\t\t\t<span class=\"elementor-icon-list-text\">Construcci\u00f3n de bardas mayores a 2.20 m de altura.<\/span>\n\t\t\t\t\t\t\t\t\t<\/li>\n\t\t\t\t\t\t\t\t<li class=\"elementor-icon-list-item\">\n\t\t\t\t\t\t\t\t\t\t\t<span class=\"elementor-icon-list-icon\">\n\t\t\t\t\t\t\t<i aria-hidden=\"true\" class=\"hm hm-angle-right\"><\/i>\t\t\t\t\t\t<\/span>\n\t\t\t\t\t\t\t\t\t\t<span class=\"elementor-icon-list-text\">Instalaci\u00f3n de anuncios (seg\u00fan reglamento municipal vigente).<\/span>\n\t\t\t\t\t\t\t\t\t<\/li>\n\t\t\t\t\t\t\t\t<li class=\"elementor-icon-list-item\">\n\t\t\t\t\t\t\t\t\t\t\t<span class=\"elementor-icon-list-icon\">\n\t\t\t\t\t\t\t<i aria-hidden=\"true\" class=\"hm hm-angle-right\"><\/i>\t\t\t\t\t\t<\/span>\n\t\t\t\t\t\t\t\t\t\t<span class=\"elementor-icon-list-text\">Solicitud de dict\u00e1menes de estabilidad o seguridad estructural.<\/span>\n\t\t\t\t\t\t\t\t\t<\/li>\n\t\t\t\t\t\t\t\t<li class=\"elementor-icon-list-item\">\n\t\t\t\t\t\t\t\t\t\t\t<span class=\"elementor-icon-list-icon\">\n\t\t\t\t\t\t\t<i aria-hidden=\"true\" class=\"hm hm-angle-right\"><\/i>\t\t\t\t\t\t<\/span>\n\t\t\t\t\t\t\t\t\t\t<span class=\"elementor-icon-list-text\">Procesos de regularizaci\u00f3n de obra.<\/span>\n\t\t\t\t\t\t\t\t\t<\/li>\n\t\t\t\t\t\t\t\t<li class=\"elementor-icon-list-item\">\n\t\t\t\t\t\t\t\t\t\t\t<span class=\"elementor-icon-list-icon\">\n\t\t\t\t\t\t\t<i aria-hidden=\"true\" class=\"hm hm-angle-right\"><\/i>\t\t\t\t\t\t<\/span>\n\t\t\t\t\t\t\t\t\t\t<span class=\"elementor-icon-list-text\">Ampliaciones o remodelaciones mayores a 55 m\u00b2.<\/span>\n\t\t\t\t\t\t\t\t\t<\/li>\n\t\t\t\t\t\t\t\t<li class=\"elementor-icon-list-item\">\n\t\t\t\t\t\t\t\t\t\t\t<span class=\"elementor-icon-list-icon\">\n\t\t\t\t\t\t\t<i aria-hidden=\"true\" class=\"hm hm-angle-right\"><\/i>\t\t\t\t\t\t<\/span>\n\t\t\t\t\t\t\t\t\t\t<span class=\"elementor-icon-list-text\">Tr\u00e1mite de terminaci\u00f3n de obra.<\/span>\n\t\t\t\t\t\t\t\t\t<\/li>\n\t\t\t\t\t\t\t\t<li class=\"elementor-icon-list-item\">\n\t\t\t\t\t\t\t\t\t\t\t<span class=\"elementor-icon-list-icon\">\n\t\t\t\t\t\t\t<i aria-hidden=\"true\" class=\"hm hm-angle-right\"><\/i>\t\t\t\t\t\t<\/span>\n\t\t\t\t\t\t\t\t\t\t<span class=\"elementor-icon-list-text\">Tr\u00e1mite de r\u00e9gimen de condominio.<\/span>\n\t\t\t\t\t\t\t\t\t<\/li>\n\t\t\t\t\t\t<\/ul>\n\t\t\t\t\t\t<\/div>\n\t\t\t\t<\/div>\n\t\t\t\t<div class=\"elementor-element elementor-element-0bea945 elementor-widget elementor-widget-text-editor\" data-id=\"0bea945\" data-element_type=\"widget\" data-widget_type=\"text-editor.default\">\n\t\t\t\t<div class=\"elementor-widget-container\">\n\t\t\t\t\t\t\t\t\t<p><strong>CONTACTO FIRMA DRO TULUM<\/strong><\/p><p><em>Arquitecta Isis Chang Ram\u00edrez<\/em><\/p><p>Correo electr\u00f3nico: i.changr@gmail.com<br \/>Tel\u00e9fono: 52 984 554 4703<br \/>Ubicaci\u00f3n oficinas: Calle 69, Mza 674 LT 1, Entre 36 y 38 sur, Col. La Veleta, edificio Botanic by End\u00e9mico. C.P.77760<\/p>\t\t\t\t\t\t\t\t<\/div>\n\t\t\t\t<\/div>\n\t\t\t\t<\/div>\n\t\t\t\t<\/div>\n\t\t\t\t<\/div>\n\t\t\t\t<\/div>","protected":false},"excerpt":{"rendered":"<p>\u00bfRequieres el servicio de un DRO en Tulum? Un Perito Responsable de Obra (PRO) o Director Responsable de Obra (DRO) es el profesional encargado de supervisar, vigilar y garantizar que una construcci\u00f3n cumpla con la normativa t\u00e9cnica establecida por las autoridades.En Tulum, es indispensable contar con un PRO debidamente registrado y habilitado ante el Municipio [&hellip;]<\/p>","protected":false},"author":1,"featured_media":0,"parent":0,"menu_order":0,"comment_status":"closed","ping_status":"closed","template":"elementor_header_footer","meta":{"footnotes":""},"class_list":["post-3903","page","type-page","status-publish","hentry"],"yoast_head":"<!-- This site is optimized with the Yoast SEO plugin v26.8 - https:\/\/yoast.com\/product\/yoast-seo-wordpress\/ -->\n<title>Firma DRO Tulum - Endemico<\/title>\n<meta name=\"description\" content=\"En Tulum, es indispensable contar con un PRO debidamente registrado y habilitado ante el Municipio para realizar cualquier tr\u00e1mite o proceso de construcci\u00f3n.\" \/>\n<meta name=\"robots\" content=\"index, follow, max-snippet:-1, max-image-preview:large, max-video-preview:-1\" \/>\n<link rel=\"canonical\" href=\"https:\/\/endemico.com.mx\/en\/firma-dro-tulum\/\" \/>\n<meta property=\"og:locale\" content=\"en_US\" \/>\n<meta property=\"og:type\" content=\"article\" \/>\n<meta property=\"og:title\" content=\"Firma DRO Tulum - Endemico\" \/>\n<meta property=\"og:description\" content=\"En Tulum, es indispensable contar con un PRO debidamente registrado y habilitado ante el Municipio para realizar cualquier tr\u00e1mite o proceso de construcci\u00f3n.\" \/>\n<meta property=\"og:url\" content=\"https:\/\/endemico.com.mx\/en\/firma-dro-tulum\/\" \/>\n<meta property=\"og:site_name\" content=\"Endemico\" \/>\n<meta property=\"article:modified_time\" content=\"2026-01-06T21:56:25+00:00\" \/>\n<meta name=\"twitter:card\" content=\"summary_large_image\" \/>\n<meta name=\"twitter:label1\" content=\"Est. reading time\" \/>\n\t<meta name=\"twitter:data1\" content=\"2 minutes\" \/>\n<script type=\"application\/ld+json\" class=\"yoast-schema-graph\">{\"@context\":\"https:\/\/schema.org\",\"@graph\":[{\"@type\":\"WebPage\",\"@id\":\"https:\/\/endemico.com.mx\/firma-dro-tulum\/\",\"url\":\"https:\/\/endemico.com.mx\/firma-dro-tulum\/\",\"name\":\"Firma DRO Tulum - Endemico\",\"isPartOf\":{\"@id\":\"https:\/\/endemico.com.mx\/#website\"},\"datePublished\":\"2025-11-26T14:15:37+00:00\",\"dateModified\":\"2026-01-06T21:56:25+00:00\",\"description\":\"En Tulum, es indispensable contar con un PRO debidamente registrado y habilitado ante el Municipio para realizar cualquier tr\u00e1mite o proceso de construcci\u00f3n.\",\"breadcrumb\":{\"@id\":\"https:\/\/endemico.com.mx\/firma-dro-tulum\/#breadcrumb\"},\"inLanguage\":\"en-US\",\"potentialAction\":[{\"@type\":\"ReadAction\",\"target\":[\"https:\/\/endemico.com.mx\/firma-dro-tulum\/\"]}]},{\"@type\":\"BreadcrumbList\",\"@id\":\"https:\/\/endemico.com.mx\/firma-dro-tulum\/#breadcrumb\",\"itemListElement\":[{\"@type\":\"ListItem\",\"position\":1,\"name\":\"Portada\",\"item\":\"https:\/\/endemico.com.mx\/\"},{\"@type\":\"ListItem\",\"position\":2,\"name\":\"Firma DRO Tulum\"}]},{\"@type\":\"WebSite\",\"@id\":\"https:\/\/endemico.com.mx\/#website\",\"url\":\"https:\/\/endemico.com.mx\/\",\"name\":\"Endemico\",\"description\":\"\",\"publisher\":{\"@id\":\"https:\/\/endemico.com.mx\/#organization\"},\"potentialAction\":[{\"@type\":\"SearchAction\",\"target\":{\"@type\":\"EntryPoint\",\"urlTemplate\":\"https:\/\/endemico.com.mx\/?s={search_term_string}\"},\"query-input\":{\"@type\":\"PropertyValueSpecification\",\"valueRequired\":true,\"valueName\":\"search_term_string\"}}],\"inLanguage\":\"en-US\"},{\"@type\":\"Organization\",\"@id\":\"https:\/\/endemico.com.mx\/#organization\",\"name\":\"Endemico\",\"url\":\"https:\/\/endemico.com.mx\/\",\"logo\":{\"@type\":\"ImageObject\",\"inLanguage\":\"en-US\",\"@id\":\"https:\/\/endemico.com.mx\/#\/schema\/logo\/image\/\",\"url\":\"https:\/\/endemico.com.mx\/wp-content\/uploads\/2024\/07\/endemico-eco-chic-living-white.png\",\"contentUrl\":\"https:\/\/endemico.com.mx\/wp-content\/uploads\/2024\/07\/endemico-eco-chic-living-white.png\",\"width\":2501,\"height\":951,\"caption\":\"Endemico\"},\"image\":{\"@id\":\"https:\/\/endemico.com.mx\/#\/schema\/logo\/image\/\"}}]}<\/script>\n<!-- \/ Yoast SEO plugin. -->","yoast_head_json":{"title":"Firma DRO Tulum - Endemico","description":"En Tulum, es indispensable contar con un PRO debidamente registrado y habilitado ante el Municipio para realizar cualquier tr\u00e1mite o proceso de construcci\u00f3n.","robots":{"index":"index","follow":"follow","max-snippet":"max-snippet:-1","max-image-preview":"max-image-preview:large","max-video-preview":"max-video-preview:-1"},"canonical":"https:\/\/endemico.com.mx\/en\/firma-dro-tulum\/","og_locale":"en_US","og_type":"article","og_title":"Firma DRO Tulum - Endemico","og_description":"En Tulum, es indispensable contar con un PRO debidamente registrado y habilitado ante el Municipio para realizar cualquier tr\u00e1mite o proceso de construcci\u00f3n.","og_url":"https:\/\/endemico.com.mx\/en\/firma-dro-tulum\/","og_site_name":"Endemico","article_modified_time":"2026-01-06T21:56:25+00:00","twitter_card":"summary_large_image","twitter_misc":{"Est. reading time":"2 minutes"},"schema":{"@context":"https:\/\/schema.org","@graph":[{"@type":"WebPage","@id":"https:\/\/endemico.com.mx\/firma-dro-tulum\/","url":"https:\/\/endemico.com.mx\/firma-dro-tulum\/","name":"Firma DRO Tulum - Endemico","isPartOf":{"@id":"https:\/\/endemico.com.mx\/#website"},"datePublished":"2025-11-26T14:15:37+00:00","dateModified":"2026-01-06T21:56:25+00:00","description":"En Tulum, es indispensable contar con un PRO debidamente registrado y habilitado ante el Municipio para realizar cualquier tr\u00e1mite o proceso de construcci\u00f3n.","breadcrumb":{"@id":"https:\/\/endemico.com.mx\/firma-dro-tulum\/#breadcrumb"},"inLanguage":"en-US","potentialAction":[{"@type":"ReadAction","target":["https:\/\/endemico.com.mx\/firma-dro-tulum\/"]}]},{"@type":"BreadcrumbList","@id":"https:\/\/endemico.com.mx\/firma-dro-tulum\/#breadcrumb","itemListElement":[{"@type":"ListItem","position":1,"name":"Portada","item":"https:\/\/endemico.com.mx\/"},{"@type":"ListItem","position":2,"name":"Firma DRO Tulum"}]},{"@type":"WebSite","@id":"https:\/\/endemico.com.mx\/#website","url":"https:\/\/endemico.com.mx\/","name":"Endemico","description":"","publisher":{"@id":"https:\/\/endemico.com.mx\/#organization"},"potentialAction":[{"@type":"SearchAction","target":{"@type":"EntryPoint","urlTemplate":"https:\/\/endemico.com.mx\/?s={search_term_string}"},"query-input":{"@type":"PropertyValueSpecification","valueRequired":true,"valueName":"search_term_string"}}],"inLanguage":"en-US"},{"@type":"Organization","@id":"https:\/\/endemico.com.mx\/#organization","name":"Endemico","url":"https:\/\/endemico.com.mx\/","logo":{"@type":"ImageObject","inLanguage":"en-US","@id":"https:\/\/endemico.com.mx\/#\/schema\/logo\/image\/","url":"https:\/\/endemico.com.mx\/wp-content\/uploads\/2024\/07\/endemico-eco-chic-living-white.png","contentUrl":"https:\/\/endemico.com.mx\/wp-content\/uploads\/2024\/07\/endemico-eco-chic-living-white.png","width":2501,"height":951,"caption":"Endemico"},"image":{"@id":"https:\/\/endemico.com.mx\/#\/schema\/logo\/image\/"}}]}},"_links":{"self":[{"href":"https:\/\/endemico.com.mx\/en\/wp-json\/wp\/v2\/pages\/3903","targetHints":{"allow":["GET"]}}],"collection":[{"href":"https:\/\/endemico.com.mx\/en\/wp-json\/wp\/v2\/pages"}],"about":[{"href":"https:\/\/endemico.com.mx\/en\/wp-json\/wp\/v2\/types\/page"}],"author":[{"embeddable":true,"href":"https:\/\/endemico.com.mx\/en\/wp-json\/wp\/v2\/users\/1"}],"replies":[{"embeddable":true,"href":"https:\/\/endemico.com.mx\/en\/wp-json\/wp\/v2\/comments?post=3903"}],"version-history":[{"count":0,"href":"https:\/\/endemico.com.mx\/en\/wp-json\/wp\/v2\/pages\/3903\/revisions"}],"wp:attachment":[{"href":"https:\/\/endemico.com.mx\/en\/wp-json\/wp\/v2\/media?parent=3903"}],"curies":[{"name":"wp","href":"https:\/\/api.w.org\/{rel}","templated":true}]}}